{"id":88,"date":"2022-06-24T00:44:30","date_gmt":"2022-06-23T22:44:30","guid":{"rendered":"http:\/\/mixforyou.fr\/?page_id=88"},"modified":"2024-05-01T16:56:40","modified_gmt":"2024-05-01T14:56:40","slug":"a-propos","status":"publish","type":"page","link":"https:\/\/mixforyou.fr\/?page_id=88","title":{"rendered":"A propos de Mix for You"},"content":{"rendered":"\n<p>\u00ab\u00a0Sp6men\u00a0\u00bb un groupe de 6 hommes et femmes passionn\u00e9s de musique, de soir\u00e9es festives, d\u00e9bordant de g\u00e9n\u00e9rosit\u00e9 qui ont eu envie de partager leur passion. Durant les ann\u00e9es 2009 \u00e0 2014 ils mettent leurs comp\u00e9tences et passion \u00e0 la cr\u00e9ation de soir\u00e9es mythiques sur Bordeaux. Cr\u00e9ateurs, organisateurs et acteurs de soir\u00e9es extraordinaires, inoubliables, notamment sur le quai des Marques durant les \u00e9t\u00e9s et dans le centre de notre belle ville le reste de l&rsquo;ann\u00e9e. De nombreuses soir\u00e9es glam, paillettes, festives, chic et choc, agr\u00e9ment\u00e9es de performers, d&rsquo;artistes locaux et aussi de la sc\u00e8ne internationale. Sp6men a \u00e9volu\u00e9 pour vous proposer une conception, une r\u00e9alisation et une animation de soir\u00e9es sur mesure.<\/p>\n\n\n\n<p>De l\u00e0 est n\u00e9 Sp6men Event rebaptis\u00e9 quelques ann\u00e9es plus tard \u00ab\u00a0Mix for You\u00a0\u00bb fruit d&rsquo;une grande exp\u00e9rience dans les milieux festifs des nuits Parisiennes, Bordelaises, et internationales. A ce jour, nous vous proposons un accompagnement personnalis\u00e9, une culture musicale \u00e9clectique, entour\u00e9 d&rsquo;artistes professionnels et originaux, de prestataires ambitieux et surprenant. Un cocktail de grande qualit\u00e9 pour des \u00e9v\u00e8nements sur mesure, \u00e0 votre \u00e9coute, au service des professionnels comme des particuliers. <\/p>\n\n\n\n<p>Dj&rsquo;s, saxophonistes, percussionnistes, chanteurs, illusionniste, performers, des artistes professionnels, de qualit\u00e9, rigoureusement s\u00e9lectionn\u00e9s, nous on rejoint pour faire de vos \u00e9v\u00e8nements des moments uniques et inoubliables. <\/p>\n\n\n\n<p>Des artistes sachant tous aussi bien aiguis\u00e9s vos autres sens nous accompagnent, s&rsquo;agissant de photographes\/vid\u00e9aste (drone), traiteurs, fleuristes &#8230;<\/p>\n\n\n\n<p>Comme vous, de nombreux professionnels nous on fait confiance et la renouvelle au file des ann\u00e9es&#8230; Merci \u00e0 eux, merci \u00e0 vous, de nous donner la chance de vous faire plaisir.<\/p>\n\n\n\n<hr class=\"wp-block-separator has-alpha-channel-opacity is-style-dots\"\/>\n\n\n\n<p><strong><em><mark style=\"background-color:#ffffff\" class=\"has-inline-color has-black-color\">Dj r\u00e9sident au <\/mark>\u00ab\u00a0Bao le refuge festif\u00a0\u00bb<\/em><\/strong> <strong><em>2024<\/em><\/strong><\/p>\n\n\n\n<p><strong><em><mark style=\"background-color:#ffffff\" class=\"has-inline-color has-black-color\">Dj r\u00e9sident au Canop\u00e9e Caf\u00e9, \u00e0 la Villa Tourny 2019, 2020, 2021, 2022<\/mark><\/em><\/strong><\/p>\n\n\n\n<hr class=\"wp-block-separator has-alpha-channel-opacity is-style-dots\"\/>\n\n\n\n<p><\/p>\n\n\n\n<figure class=\"wp-block-gallery has-nested-images columns-6 wp-block-gallery-1 is-layout-flex wp-block-gallery-is-layout-flex\">\n<figure class=\"wp-block-image size-full\"><img loading=\"lazy\" decoding=\"async\" width=\"183\" height=\"182\" data-id=\"641\" src=\"http:\/\/mixforyou.fr\/wp-content\/uploads\/2022\/07\/Capture-decran-2020-01-18-a-11.18.36-BIS-1.png\" alt=\"\" class=\"wp-image-641\" srcset=\"https:\/\/mixforyou.fr\/wp-content\/uploads\/2022\/07\/Capture-decran-2020-01-18-a-11.18.36-BIS-1.png 183w, https:\/\/mixforyou.fr\/wp-content\/uploads\/2022\/07\/Capture-decran-2020-01-18-a-11.18.36-BIS-1-110x110.png 110w, https:\/\/mixforyou.fr\/wp-content\/uploads\/2022\/07\/Capture-decran-2020-01-18-a-11.18.36-BIS-1-75x75.png 75w\" sizes=\"auto, (max-width: 183px) 100vw, 183px\" \/><\/figure>\n\n\n\n<figure class=\"wp-block-image size-full\"><img loading=\"lazy\" decoding=\"async\" width=\"183\" height=\"186\" data-id=\"642\" src=\"http:\/\/mixforyou.fr\/wp-content\/uploads\/2022\/07\/1-Capture-decran-2021-03-15-a-10.13.26-2.png\" alt=\"\" class=\"wp-image-642\" srcset=\"https:\/\/mixforyou.fr\/wp-content\/uploads\/2022\/07\/1-Capture-decran-2021-03-15-a-10.13.26-2.png 183w, https:\/\/mixforyou.fr\/wp-content\/uploads\/2022\/07\/1-Capture-decran-2021-03-15-a-10.13.26-2-108x110.png 108w, https:\/\/mixforyou.fr\/wp-content\/uploads\/2022\/07\/1-Capture-decran-2021-03-15-a-10.13.26-2-75x75.png 75w\" sizes=\"auto, (max-width: 183px) 100vw, 183px\" \/><\/figure>\n\n\n\n<figure class=\"wp-block-image size-full\"><img loading=\"lazy\" decoding=\"async\" width=\"183\" height=\"183\" data-id=\"646\" src=\"http:\/\/mixforyou.fr\/wp-content\/uploads\/2022\/07\/Capture-decran-2020-01-18-a-11.31.26.png\" alt=\"\" class=\"wp-image-646\" srcset=\"https:\/\/mixforyou.fr\/wp-content\/uploads\/2022\/07\/Capture-decran-2020-01-18-a-11.31.26.png 183w, https:\/\/mixforyou.fr\/wp-content\/uploads\/2022\/07\/Capture-decran-2020-01-18-a-11.31.26-110x110.png 110w, https:\/\/mixforyou.fr\/wp-content\/uploads\/2022\/07\/Capture-decran-2020-01-18-a-11.31.26-75x75.png 75w\" sizes=\"auto, (max-width: 183px) 100vw, 183px\" \/><\/figure>\n\n\n\n<figure class=\"wp-block-image size-full\"><img loading=\"lazy\" decoding=\"async\" width=\"183\" height=\"182\" data-id=\"649\" src=\"http:\/\/mixforyou.fr\/wp-content\/uploads\/2022\/07\/Capture-decran-2020-01-18-a-11.42.29.png\" alt=\"\" class=\"wp-image-649\" srcset=\"https:\/\/mixforyou.fr\/wp-content\/uploads\/2022\/07\/Capture-decran-2020-01-18-a-11.42.29.png 183w, https:\/\/mixforyou.fr\/wp-content\/uploads\/2022\/07\/Capture-decran-2020-01-18-a-11.42.29-110x110.png 110w, https:\/\/mixforyou.fr\/wp-content\/uploads\/2022\/07\/Capture-decran-2020-01-18-a-11.42.29-75x75.png 75w\" sizes=\"auto, (max-width: 183px) 100vw, 183px\" \/><\/figure>\n\n\n\n<figure class=\"wp-block-image size-full\"><img loading=\"lazy\" decoding=\"async\" width=\"183\" height=\"64\" data-id=\"640\" src=\"http:\/\/mixforyou.fr\/wp-content\/uploads\/2022\/07\/Capture-decran-2020-01-18-a-11.21.38.png\" alt=\"\" class=\"wp-image-640\" srcset=\"https:\/\/mixforyou.fr\/wp-content\/uploads\/2022\/07\/Capture-decran-2020-01-18-a-11.21.38.png 183w, https:\/\/mixforyou.fr\/wp-content\/uploads\/2022\/07\/Capture-decran-2020-01-18-a-11.21.38-110x38.png 110w\" sizes=\"auto, (max-width: 183px) 100vw, 183px\" \/><\/figure>\n\n\n\n<figure class=\"wp-block-image size-full\"><img loading=\"lazy\" decoding=\"async\" width=\"183\" height=\"84\" data-id=\"645\" src=\"http:\/\/mixforyou.fr\/wp-content\/uploads\/2022\/07\/Capture-decran-2020-01-18-a-11.25.57.png\" alt=\"\" class=\"wp-image-645\" srcset=\"https:\/\/mixforyou.fr\/wp-content\/uploads\/2022\/07\/Capture-decran-2020-01-18-a-11.25.57.png 183w, https:\/\/mixforyou.fr\/wp-content\/uploads\/2022\/07\/Capture-decran-2020-01-18-a-11.25.57-110x50.png 110w\" sizes=\"auto, (max-width: 183px) 100vw, 183px\" \/><\/figure>\n\n\n\n<figure class=\"wp-block-image size-full is-style-default\"><img loading=\"lazy\" decoding=\"async\" width=\"183\" height=\"106\" data-id=\"639\" src=\"http:\/\/mixforyou.fr\/wp-content\/uploads\/2022\/07\/242189646_1708893992635251_2335647624832835671_n.jpg\" alt=\"\" class=\"wp-image-639\" srcset=\"https:\/\/mixforyou.fr\/wp-content\/uploads\/2022\/07\/242189646_1708893992635251_2335647624832835671_n.jpg 183w, https:\/\/mixforyou.fr\/wp-content\/uploads\/2022\/07\/242189646_1708893992635251_2335647624832835671_n-110x64.jpg 110w\" sizes=\"auto, (max-width: 183px) 100vw, 183px\" \/><\/figure>\n\n\n\n<figure class=\"wp-block-image size-full\"><img loading=\"lazy\" decoding=\"async\" width=\"183\" height=\"161\" data-id=\"648\" src=\"http:\/\/mixforyou.fr\/wp-content\/uploads\/2022\/07\/Capture-decran-2020-01-18-a-11.40.56.png\" alt=\"\" class=\"wp-image-648\" srcset=\"https:\/\/mixforyou.fr\/wp-content\/uploads\/2022\/07\/Capture-decran-2020-01-18-a-11.40.56.png 183w, https:\/\/mixforyou.fr\/wp-content\/uploads\/2022\/07\/Capture-decran-2020-01-18-a-11.40.56-110x97.png 110w\" sizes=\"auto, (max-width: 183px) 100vw, 183px\" \/><\/figure>\n\n\n\n<figure class=\"wp-block-image size-full\"><img loading=\"lazy\" decoding=\"async\" width=\"183\" height=\"51\" data-id=\"647\" src=\"http:\/\/mixforyou.fr\/wp-content\/uploads\/2022\/07\/Capture-decran-2020-01-18-a-11.37.02.png\" alt=\"\" class=\"wp-image-647\" srcset=\"https:\/\/mixforyou.fr\/wp-content\/uploads\/2022\/07\/Capture-decran-2020-01-18-a-11.37.02.png 183w, https:\/\/mixforyou.fr\/wp-content\/uploads\/2022\/07\/Capture-decran-2020-01-18-a-11.37.02-110x31.png 110w\" sizes=\"auto, (max-width: 183px) 100vw, 183px\" \/><\/figure>\n\n\n\n<figure class=\"wp-block-image size-full\"><img loading=\"lazy\" decoding=\"async\" width=\"183\" height=\"35\" data-id=\"644\" src=\"http:\/\/mixforyou.fr\/wp-content\/uploads\/2022\/07\/Capture-decran-2020-01-18-a-11.24.26.png\" alt=\"\" class=\"wp-image-644\" srcset=\"https:\/\/mixforyou.fr\/wp-content\/uploads\/2022\/07\/Capture-decran-2020-01-18-a-11.24.26.png 183w, https:\/\/mixforyou.fr\/wp-content\/uploads\/2022\/07\/Capture-decran-2020-01-18-a-11.24.26-110x21.png 110w\" sizes=\"auto, (max-width: 183px) 100vw, 183px\" \/><\/figure>\n\n\n\n<figure class=\"wp-block-image size-full\"><img loading=\"lazy\" decoding=\"async\" width=\"1200\" height=\"630\" data-id=\"891\" src=\"https:\/\/mixforyou.fr\/wp-content\/uploads\/2024\/05\/groupelecoq.jpg\" alt=\"\" class=\"wp-image-891\" srcset=\"https:\/\/mixforyou.fr\/wp-content\/uploads\/2024\/05\/groupelecoq.jpg 1200w, https:\/\/mixforyou.fr\/wp-content\/uploads\/2024\/05\/groupelecoq-300x158.jpg 300w, https:\/\/mixforyou.fr\/wp-content\/uploads\/2024\/05\/groupelecoq-1024x538.jpg 1024w, https:\/\/mixforyou.fr\/wp-content\/uploads\/2024\/05\/groupelecoq-110x58.jpg 110w, https:\/\/mixforyou.fr\/wp-content\/uploads\/2024\/05\/groupelecoq-768x403.jpg 768w, https:\/\/mixforyou.fr\/wp-content\/uploads\/2024\/05\/groupelecoq-1140x599.jpg 1140w\" sizes=\"auto, (max-width: 1200px) 100vw, 1200px\" \/><\/figure>\n\n\n\n<figure class=\"wp-block-image size-full\"><img loading=\"lazy\" decoding=\"async\" width=\"225\" height=\"224\" data-id=\"888\" src=\"https:\/\/mixforyou.fr\/wp-content\/uploads\/2024\/05\/Logo-BAO.jpeg\" alt=\"\" class=\"wp-image-888\" srcset=\"https:\/\/mixforyou.fr\/wp-content\/uploads\/2024\/05\/Logo-BAO.jpeg 225w, https:\/\/mixforyou.fr\/wp-content\/uploads\/2024\/05\/Logo-BAO-110x110.jpeg 110w, https:\/\/mixforyou.fr\/wp-content\/uploads\/2024\/05\/Logo-BAO-75x75.jpeg 75w\" sizes=\"auto, (max-width: 225px) 100vw, 225px\" \/><\/figure>\n<\/figure>\n","protected":false},"excerpt":{"rendered":"<p>\u00ab\u00a0Sp6men\u00a0\u00bb un groupe de 6 hommes et femmes passionn\u00e9s de musique, de soir\u00e9es festives, d\u00e9bordant de g\u00e9n\u00e9rosit\u00e9 qui ont eu envie de partager leur passion. Durant les ann\u00e9es 2009 \u00e0 2014 ils mettent leurs comp\u00e9tences et passion \u00e0 la cr\u00e9ation de soir\u00e9es mythiques sur Bordeaux. Cr\u00e9ateurs, organisateurs et acteurs de soir\u00e9es extraordinaires, inoubliables, notamment sur le quai des Marques durant les \u00e9t\u00e9s et dans le centre de notre belle ville le reste de l&rsquo;ann\u00e9e. De nombreuses soir\u00e9es glam, paillettes, festives, chic et choc, agr\u00e9ment\u00e9es de performers, d&rsquo;artistes locaux et aussi de la sc\u00e8ne internationale. Sp6men a \u00e9volu\u00e9 pour vous proposer une conception, une r\u00e9alisation et une animation de soir\u00e9es sur mesure. De l\u00e0 est n\u00e9 Sp6men Event rebaptis\u00e9 quelques ann\u00e9es plus tard \u00ab\u00a0Mix for You\u00a0\u00bb fruit d&rsquo;une grande exp\u00e9rience dans les milieux festifs des nuits Parisiennes, Bordelaises, et internationales. A ce jour, nous vous proposons un accompagnement personnalis\u00e9, une culture musicale \u00e9clectique, entour\u00e9 d&rsquo;artistes professionnels et originaux, de prestataires ambitieux et surprenant. Un cocktail de grande qualit\u00e9 pour des \u00e9v\u00e8nements sur mesure, \u00e0 votre \u00e9coute, au service des professionnels comme des particuliers. Dj&rsquo;s, saxophonistes, percussionnistes, chanteurs, illusionniste, performers, des artistes professionnels, de qualit\u00e9, rigoureusement s\u00e9lectionn\u00e9s, nous on rejoint pour faire de vos \u00e9v\u00e8nements des moments uniques et inoubliables. Des artistes sachant tous aussi bien aiguis\u00e9s vos autres sens nous accompagnent, s&rsquo;agissant de photographes\/vid\u00e9aste (drone), traiteurs, fleuristes &#8230; Comme vous, de nombreux professionnels nous on fait confiance et la renouvelle au file des ann\u00e9es&#8230; Merci \u00e0 eux, merci \u00e0 vous, de nous donner la chance de vous faire plaisir. Dj r\u00e9sident au \u00ab\u00a0Bao le refuge festif\u00a0\u00bb 2024 Dj r\u00e9sident au Canop\u00e9e Caf\u00e9, \u00e0 la Villa Tourny 2019, 2020, 2021, 2022<\/p>\n","protected":false},"author":1,"featured_media":0,"parent":0,"menu_order":0,"comment_status":"closed","ping_status":"closed","template":"","meta":{"om_disable_all_campaigns":false,"_monsterinsights_skip_tracking":false,"_monsterinsights_sitenote_active":false,"_monsterinsights_sitenote_note":"","_monsterinsights_sitenote_category":0,"footnotes":""},"class_list":["post-88","page","type-page","status-publish","hentry"],"aioseo_notices":[],"_links":{"self":[{"href":"https:\/\/mixforyou.fr\/index.php?rest_route=\/wp\/v2\/pages\/88","targetHints":{"allow":["GET"]}}],"collection":[{"href":"https:\/\/mixforyou.fr\/index.php?rest_route=\/wp\/v2\/pages"}],"about":[{"href":"https:\/\/mixforyou.fr\/index.php?rest_route=\/wp\/v2\/types\/page"}],"author":[{"embeddable":true,"href":"https:\/\/mixforyou.fr\/index.php?rest_route=\/wp\/v2\/users\/1"}],"replies":[{"embeddable":true,"href":"https:\/\/mixforyou.fr\/index.php?rest_route=%2Fwp%2Fv2%2Fcomments&post=88"}],"version-history":[{"count":28,"href":"https:\/\/mixforyou.fr\/index.php?rest_route=\/wp\/v2\/pages\/88\/revisions"}],"predecessor-version":[{"id":893,"href":"https:\/\/mixforyou.fr\/index.php?rest_route=\/wp\/v2\/pages\/88\/revisions\/893"}],"wp:attachment":[{"href":"https:\/\/mixforyou.fr\/index.php?rest_route=%2Fwp%2Fv2%2Fmedia&parent=88"}],"curies":[{"name":"wp","href":"https:\/\/api.w.org\/{rel}","templated":true}]}}