{"id":86,"date":"2022-06-24T00:44:30","date_gmt":"2022-06-23T22:44:30","guid":{"rendered":"http:\/\/mixforyou.fr\/?page_id=86"},"modified":"2023-12-12T16:43:55","modified_gmt":"2023-12-12T15:43:55","slug":"guests","status":"publish","type":"page","link":"https:\/\/mixforyou.fr\/?page_id=86","title":{"rendered":"Musiciens, chanteurs(euses) professionnels"},"content":{"rendered":"\n<p>     <\/p>\n\n\n\n<div class=\"wp-block-media-text alignwide is-stacked-on-mobile\" style=\"grid-template-columns:45% auto\"><figure class=\"wp-block-media-text__media\"><img loading=\"lazy\" decoding=\"async\" width=\"1024\" height=\"673\" src=\"http:\/\/mixforyou.fr\/wp-content\/uploads\/2022\/06\/DJ-Mix-scaled-e1656057570821-1024x673.jpg\" alt=\"\" class=\"wp-image-189 size-full\" srcset=\"https:\/\/mixforyou.fr\/wp-content\/uploads\/2022\/06\/DJ-Mix-scaled-e1656057570821-1024x673.jpg 1024w, https:\/\/mixforyou.fr\/wp-content\/uploads\/2022\/06\/DJ-Mix-scaled-e1656057570821-300x197.jpg 300w, https:\/\/mixforyou.fr\/wp-content\/uploads\/2022\/06\/DJ-Mix-scaled-e1656057570821-110x72.jpg 110w, https:\/\/mixforyou.fr\/wp-content\/uploads\/2022\/06\/DJ-Mix-scaled-e1656057570821-768x505.jpg 768w, https:\/\/mixforyou.fr\/wp-content\/uploads\/2022\/06\/DJ-Mix-scaled-e1656057570821-1536x1010.jpg 1536w, https:\/\/mixforyou.fr\/wp-content\/uploads\/2022\/06\/DJ-Mix-scaled-e1656057570821-2048x1346.jpg 2048w, https:\/\/mixforyou.fr\/wp-content\/uploads\/2022\/06\/DJ-Mix-scaled-e1656057570821-1140x749.jpg 1140w\" sizes=\"auto, (max-width: 1024px) 100vw, 1024px\" \/><\/figure><div class=\"wp-block-media-text__content\">\n<blockquote class=\"wp-block-quote has-white-background-color has-background has-medium-font-size is-layout-flow wp-block-quote-is-layout-flow\">\n<p class=\"has-text-align-left\"><strong>Saxophonistes&nbsp;David ou R\u00e9my<\/strong><\/p>\n<\/blockquote>\n\n\n\n<div class=\"wp-block-columns is-layout-flex wp-container-core-columns-is-layout-9d6595d7 wp-block-columns-is-layout-flex\">\n<div class=\"wp-block-column is-layout-flow wp-block-column-is-layout-flow\">\n<p style=\"font-size:16px\">Saxophonistes tr\u00e8s&nbsp;exp\u00e9riment\u00e9s, capables de jouer sur tous styles de musique. un plus&nbsp;incontournable&nbsp;et original&nbsp;qui envoute toutes les g\u00e9n\u00e9rations, du disco \u00e0 l&rsquo;\u00e9lectro. ils m&rsquo;accompagnent sur des rythmes house et deep-house, lors de cocktails et \u00e9v\u00e8nements type rooftop, pool-party&#8230;<\/p>\n\n\n\n<p style=\"font-size:16px\">Accompagn\u00e9s d&rsquo;un percussionniste sensations et&nbsp;vibrations garanties \ud83c\udfb7<\/p>\n<\/div>\n<\/div>\n<\/div><\/div>\n\n\n\n<hr class=\"wp-block-separator has-alpha-channel-opacity is-style-dots\"\/>\n\n\n\n<div class=\"wp-block-media-text alignwide has-media-on-the-right is-stacked-on-mobile\" style=\"grid-template-columns:auto 40%\"><div class=\"wp-block-media-text__content\">\n<blockquote class=\"wp-block-quote has-medium-font-size is-layout-flow wp-block-quote-is-layout-flow\">\n<p><strong>Dam&rsquo;s  &#8211; Percussionniste <\/strong><\/p>\n<\/blockquote>\n\n\n\n<p style=\"font-size:16px\">Percussionniste extraodinaire, passionn\u00e9 par les percussions en tout genre, congas, darbourka, djembe, casseroles&#8230; Il m&rsquo;accompagne et se m\u00e9lange \u00e0 vos invit\u00e9s, sur des mixs house, deep-house et latino, se qui donnera une note color\u00e9e, chaleureuse et originale \u00e0 vos cocktails et vins d&rsquo;honneurs\ud83e\udd41\ud83e\ude98  <\/p>\n<\/div><figure class=\"wp-block-media-text__media\"><img loading=\"lazy\" decoding=\"async\" width=\"720\" height=\"540\" src=\"http:\/\/mixforyou.fr\/wp-content\/uploads\/2022\/06\/23316580_1145341965596879_2539952766621986844_n.jpeg\" alt=\"\" class=\"wp-image-204 size-full\" srcset=\"https:\/\/mixforyou.fr\/wp-content\/uploads\/2022\/06\/23316580_1145341965596879_2539952766621986844_n.jpeg 720w, https:\/\/mixforyou.fr\/wp-content\/uploads\/2022\/06\/23316580_1145341965596879_2539952766621986844_n-300x225.jpeg 300w, https:\/\/mixforyou.fr\/wp-content\/uploads\/2022\/06\/23316580_1145341965596879_2539952766621986844_n-110x83.jpeg 110w\" sizes=\"auto, (max-width: 720px) 100vw, 720px\" \/><\/figure><\/div>\n\n\n\n<hr class=\"wp-block-separator has-alpha-channel-opacity is-style-dots\"\/>\n\n\n\n<div class=\"wp-block-media-text alignwide is-stacked-on-mobile\" style=\"grid-template-columns:40% auto\"><figure class=\"wp-block-media-text__media\"><img loading=\"lazy\" decoding=\"async\" width=\"654\" height=\"484\" src=\"http:\/\/mixforyou.fr\/wp-content\/uploads\/2022\/06\/Maeva-season.jpg.webp\" alt=\"\" class=\"wp-image-205 size-full\" srcset=\"https:\/\/mixforyou.fr\/wp-content\/uploads\/2022\/06\/Maeva-season.jpg.webp 654w, https:\/\/mixforyou.fr\/wp-content\/uploads\/2022\/06\/Maeva-season.jpg-300x222.webp 300w, https:\/\/mixforyou.fr\/wp-content\/uploads\/2022\/06\/Maeva-season.jpg-110x81.webp 110w\" sizes=\"auto, (max-width: 654px) 100vw, 654px\" \/><\/figure><div class=\"wp-block-media-text__content\">\n<blockquote class=\"wp-block-quote has-medium-font-size is-layout-flow wp-block-quote-is-layout-flow\">\n<p><strong>Ma\u00ebva&nbsp;&#8211; Chanteuse&nbsp;<\/strong><\/p>\n<\/blockquote>\n\n\n\n<p style=\"font-size:16px\">Chanteuse de talent voir de&nbsp;tr\u00e8s&nbsp;grand talent, accompagn\u00e9e d&rsquo;un&nbsp;guitariste,&nbsp;d&rsquo;un pianiste, elle&nbsp;vous envoutera et vous ambiancera comme jamais sur les chansons des 70&rsquo;s \u00e0 nos jours. Ambiance et d\u00e9lice pour vos sens assur\u00e9s \ud83c\udf99 <\/p>\n<\/div><\/div>\n\n\n\n<hr class=\"wp-block-separator has-alpha-channel-opacity is-style-dots\"\/>\n\n\n\n<div class=\"wp-block-media-text alignwide has-media-on-the-right is-stacked-on-mobile\" style=\"grid-template-columns:auto 47%\"><div class=\"wp-block-media-text__content\">\n<blockquote class=\"wp-block-quote has-medium-font-size is-layout-flow wp-block-quote-is-layout-flow\">\n<p><br><strong>Sergio &#8211; Groupe tzigane<\/strong><\/p>\n<\/blockquote>\n\n\n\n<p style=\"font-size:16px\">Sergio et ses compagnons d&rsquo;Andalousie vous&nbsp;l&rsquo;ambianceront&nbsp;sur des rythmes&nbsp;Tzigane, Manouche, Flamenco, \u00e0 2, 4 ou 6 musiciens, chanteurs et danseuses. Ambiance tendance caliente et rythm\u00e9e assur\u00e9e \ud83d\udc83  <\/p>\n<\/div><figure class=\"wp-block-media-text__media\"><video controls src=\"https:\/\/mixforyou.fr\/wp-content\/uploads\/2023\/12\/VID_20230729_215631.mp4\"><\/video><\/figure><\/div>\n\n\n\n<hr class=\"wp-block-separator has-alpha-channel-opacity is-style-dots\"\/>\n\n\n\n<div class=\"wp-block-media-text alignwide is-stacked-on-mobile\" style=\"grid-template-columns:40% auto\"><figure class=\"wp-block-media-text__media\"><video controls src=\"http:\/\/mixforyou.fr\/wp-content\/uploads\/2023\/12\/VID_20230806_225141-1.mp4\"><\/video><\/figure><div class=\"wp-block-media-text__content\">\n<blockquote class=\"wp-block-quote has-medium-font-size is-layout-flow wp-block-quote-is-layout-flow\">\n<p><strong>David Pilarsky<\/strong><\/p>\n<cite><strong>Dorian<\/strong><\/cite><\/blockquote>\n\n\n\n<p style=\"font-size:16px\">Groupe bordelais dont la r\u00e9putation n&rsquo;est plus \u00e0 faire, s&rsquo;adonnant pour votre plus grand plaisir au rock et pop-rock des ann\u00e9es 60&rsquo;s \u00e0 nos jours.<\/p>\n\n\n\n<p style=\"font-size:16px\">Auteur, compositeur, interpr\u00e8te il ambiancera vos soir\u00e9es de ses compositions et de reprises qui vous feront chanter et danser jusqu&rsquo;\u00e0 votre dernier souffle \ud83d\udd7a<\/p>\n<\/div><\/div>\n\n\n\n<hr class=\"wp-block-separator has-alpha-channel-opacity is-style-dots\"\/>\n\n\n\n<div class=\"wp-block-media-text alignwide has-media-on-the-right is-stacked-on-mobile\"><div class=\"wp-block-media-text__content\">\n<blockquote class=\"wp-block-quote has-medium-font-size is-layout-flow wp-block-quote-is-layout-flow\">\n<p><strong>Jenny Belli<\/strong><\/p>\n<\/blockquote>\n\n\n\n<p>Chanteuse professionnelle accompagn\u00e9e de Philippe au synth\u00e9, pouvant interpr\u00e9ter du C\u00e9line Dion \u00e0 Anastasia, Pink, Aretha Franklin, David Guetta, Ad\u00e8le et tant d&rsquo;autres, un registre Pop Fran\u00e7ais et international, vous \u00eates pas pr\u00e8s de vous assoir \ud83c\udfbc<\/p>\n<\/div><figure class=\"wp-block-media-text__media\"><img loading=\"lazy\" decoding=\"async\" width=\"1024\" height=\"350\" src=\"https:\/\/mixforyou.fr\/wp-content\/uploads\/2022\/10\/Capture-decran-2022-10-10-a-00.31.40-1024x350.png\" alt=\"\" class=\"wp-image-775 size-full\" srcset=\"https:\/\/mixforyou.fr\/wp-content\/uploads\/2022\/10\/Capture-decran-2022-10-10-a-00.31.40-1024x350.png 1024w, https:\/\/mixforyou.fr\/wp-content\/uploads\/2022\/10\/Capture-decran-2022-10-10-a-00.31.40-300x103.png 300w, https:\/\/mixforyou.fr\/wp-content\/uploads\/2022\/10\/Capture-decran-2022-10-10-a-00.31.40-110x38.png 110w, https:\/\/mixforyou.fr\/wp-content\/uploads\/2022\/10\/Capture-decran-2022-10-10-a-00.31.40-768x262.png 768w, https:\/\/mixforyou.fr\/wp-content\/uploads\/2022\/10\/Capture-decran-2022-10-10-a-00.31.40-1536x525.png 1536w, https:\/\/mixforyou.fr\/wp-content\/uploads\/2022\/10\/Capture-decran-2022-10-10-a-00.31.40-1140x390.png 1140w, https:\/\/mixforyou.fr\/wp-content\/uploads\/2022\/10\/Capture-decran-2022-10-10-a-00.31.40.png 1680w\" sizes=\"auto, (max-width: 1024px) 100vw, 1024px\" \/><\/figure><\/div>\n\n\n\n<p><\/p>\n","protected":false},"excerpt":{"rendered":"","protected":false},"author":1,"featured_media":0,"parent":0,"menu_order":0,"comment_status":"closed","ping_status":"closed","template":"","meta":{"om_disable_all_campaigns":false,"_monsterinsights_skip_tracking":false,"_monsterinsights_sitenote_active":false,"_monsterinsights_sitenote_note":"","_monsterinsights_sitenote_category":0,"footnotes":""},"class_list":["post-86","page","type-page","status-publish","hentry"],"aioseo_notices":[],"_links":{"self":[{"href":"https:\/\/mixforyou.fr\/index.php?rest_route=\/wp\/v2\/pages\/86","targetHints":{"allow":["GET"]}}],"collection":[{"href":"https:\/\/mixforyou.fr\/index.php?rest_route=\/wp\/v2\/pages"}],"about":[{"href":"https:\/\/mixforyou.fr\/index.php?rest_route=\/wp\/v2\/types\/page"}],"author":[{"embeddable":true,"href":"https:\/\/mixforyou.fr\/index.php?rest_route=\/wp\/v2\/users\/1"}],"replies":[{"embeddable":true,"href":"https:\/\/mixforyou.fr\/index.php?rest_route=%2Fwp%2Fv2%2Fcomments&post=86"}],"version-history":[{"count":27,"href":"https:\/\/mixforyou.fr\/index.php?rest_route=\/wp\/v2\/pages\/86\/revisions"}],"predecessor-version":[{"id":882,"href":"https:\/\/mixforyou.fr\/index.php?rest_route=\/wp\/v2\/pages\/86\/revisions\/882"}],"wp:attachment":[{"href":"https:\/\/mixforyou.fr\/index.php?rest_route=%2Fwp%2Fv2%2Fmedia&parent=86"}],"curies":[{"name":"wp","href":"https:\/\/api.w.org\/{rel}","templated":true}]}}