{"id":85,"date":"2022-06-24T00:44:30","date_gmt":"2022-06-23T22:44:30","guid":{"rendered":"http:\/\/mixforyou.fr\/?page_id=85"},"modified":"2023-12-12T16:57:59","modified_gmt":"2023-12-12T15:57:59","slug":"partenaires-2","status":"publish","type":"page","link":"https:\/\/mixforyou.fr\/?page_id=85","title":{"rendered":"Partenaires"},"content":{"rendered":"\n<figure class=\"wp-block-pullquote has-black-color has-text-color has-small-font-size\"><blockquote><p><strong>Photographes<\/strong><\/p><\/blockquote><\/figure>\n\n\n\n<div class=\"wp-block-media-text alignwide is-stacked-on-mobile is-image-fill\" style=\"grid-template-columns:45% auto\"><figure class=\"wp-block-media-text__media\" style=\"background-image:url(http:\/\/mixforyou.fr\/wp-content\/uploads\/2022\/06\/Capture-decran-2019-12-14-a-10_56_14_pn.png-1.webp);background-position:50% 50%\"><img loading=\"lazy\" decoding=\"async\" width=\"670\" height=\"454\" src=\"http:\/\/mixforyou.fr\/wp-content\/uploads\/2022\/06\/Capture-decran-2019-12-14-a-10_56_14_pn.png-1.webp\" alt=\"\" class=\"wp-image-195 size-full\" srcset=\"https:\/\/mixforyou.fr\/wp-content\/uploads\/2022\/06\/Capture-decran-2019-12-14-a-10_56_14_pn.png-1.webp 670w, https:\/\/mixforyou.fr\/wp-content\/uploads\/2022\/06\/Capture-decran-2019-12-14-a-10_56_14_pn.png-1-300x203.webp 300w, https:\/\/mixforyou.fr\/wp-content\/uploads\/2022\/06\/Capture-decran-2019-12-14-a-10_56_14_pn.png-1-110x75.webp 110w\" sizes=\"auto, (max-width: 670px) 100vw, 670px\" \/><\/figure><div class=\"wp-block-media-text__content\">\n<div class=\"wp-block-group is-vertical is-content-justification-center is-layout-flex wp-container-core-group-is-layout-0472769e wp-block-group-is-layout-flex\">\n<blockquote class=\"wp-block-quote has-medium-font-size is-layout-flow wp-block-quote-is-layout-flow\">\n<p><strong>Fran\u00e7ois&nbsp;I-Mage Production <\/strong><\/p>\n\n\n\n<p><strong>Photo-vid\u00e9o-drone<\/strong><\/p>\n<\/blockquote>\n<\/div>\n\n\n\n<p style=\"font-size:16px\">Photographe&nbsp;exp\u00e9riment\u00e9&nbsp;entour\u00e9 de son \u00e9quique&nbsp;qui maitrise aussi bien la photo que la vid\u00e9o en utilisant les derni\u00e8res technologie comme le drone qui fera des plans uniques de vos \u00e9v\u00e9nements. &nbsp;<\/p>\n\n\n\n<p style=\"font-size:16px\">Site :&nbsp;<a href=\"https:\/\/imageproduction.book.fr\/\" target=\"_blank\" rel=\"noreferrer noopener\"><\/a><a href=\"http:\/\/www.imageproduction.book.fr\/\" target=\"_blank\" rel=\"noreferrer noopener\">www.imageproduction.book.fr<\/a><\/p>\n<\/div><\/div>\n\n\n\n<hr class=\"wp-block-separator has-alpha-channel-opacity is-style-dots\"\/>\n\n\n\n<div class=\"wp-block-media-text alignwide has-media-on-the-right is-stacked-on-mobile\"><div class=\"wp-block-media-text__content\">\n<blockquote class=\"wp-block-quote has-medium-font-size is-layout-flow wp-block-quote-is-layout-flow\">\n<p><strong>Geoffrey<\/strong> &#8211; <strong>Vid\u00e9o et drone<\/strong><\/p>\n<\/blockquote>\n\n\n\n<p style=\"font-size:16px\">V\u00e9diaste de talent sur terre comme dans les airs qui capte avec talent les meilleurs moments de vos \u00e9v\u00e8nements. Des montages dignes de Netflix. Un souvenir vivant, original de vos prestations.<\/p>\n\n\n\n<p style=\"font-size:16px\">Site : <a href=\"https:\/\/geoframe.fr\" target=\"_blank\" rel=\"noreferrer noopener\">www.geoframe.fr<\/a><\/p>\n<\/div><figure class=\"wp-block-media-text__media\"><img loading=\"lazy\" decoding=\"async\" width=\"512\" height=\"512\" src=\"http:\/\/mixforyou.fr\/wp-content\/uploads\/2022\/08\/cropped-Logo-Geo-Frame-2021-Transparent.png\" alt=\"\" class=\"wp-image-741 size-full\" srcset=\"https:\/\/mixforyou.fr\/wp-content\/uploads\/2022\/08\/cropped-Logo-Geo-Frame-2021-Transparent.png 512w, https:\/\/mixforyou.fr\/wp-content\/uploads\/2022\/08\/cropped-Logo-Geo-Frame-2021-Transparent-300x300.png 300w, https:\/\/mixforyou.fr\/wp-content\/uploads\/2022\/08\/cropped-Logo-Geo-Frame-2021-Transparent-110x110.png 110w, https:\/\/mixforyou.fr\/wp-content\/uploads\/2022\/08\/cropped-Logo-Geo-Frame-2021-Transparent-75x75.png 75w\" sizes=\"auto, (max-width: 512px) 100vw, 512px\" \/><\/figure><\/div>\n\n\n\n<hr class=\"wp-block-separator has-alpha-channel-opacity is-style-dots\"\/>\n\n\n\n<p>      <\/p>\n\n\n\n<div class=\"wp-block-media-text alignwide has-media-on-the-right is-stacked-on-mobile is-image-fill has-black-color has-text-color\" style=\"grid-template-columns:auto 45%\"><div class=\"wp-block-media-text__content\">\n<blockquote class=\"wp-block-quote has-medium-font-size is-layout-flow wp-block-quote-is-layout-flow\">\n<p><strong>J\u00e9r\u00f4me Jourdain Photographe<\/strong><\/p>\n<\/blockquote>\n\n\n\n<p style=\"font-size:16px\">Grand professionnel aux multiples sp\u00e9cialit\u00e9s dans lesquels il excelle, mariage, grossesse, en passant par les photos naissances, ses clich\u00e9s sont des oeuvres.<\/p>\n\n\n\n<p style=\"font-size:16px\">Site : <a href=\"https:\/\/www.instagram.com\/p\/Cd-gb-CoqoL\/?igshid=MDJmNzVkMjY=\">J\u00e9r\u00f4me Jourdain Photographe<\/a><\/p>\n<\/div><figure class=\"wp-block-media-text__media\" style=\"background-image:url(http:\/\/mixforyou.fr\/wp-content\/uploads\/2022\/06\/Screenshot_20220625_113055-copie.jpg);background-position:50% 50%\"><img loading=\"lazy\" decoding=\"async\" width=\"1015\" height=\"693\" src=\"http:\/\/mixforyou.fr\/wp-content\/uploads\/2022\/06\/Screenshot_20220625_113055-copie.jpg\" alt=\"\" class=\"wp-image-192 size-full\" srcset=\"https:\/\/mixforyou.fr\/wp-content\/uploads\/2022\/06\/Screenshot_20220625_113055-copie.jpg 1015w, https:\/\/mixforyou.fr\/wp-content\/uploads\/2022\/06\/Screenshot_20220625_113055-copie-300x205.jpg 300w, https:\/\/mixforyou.fr\/wp-content\/uploads\/2022\/06\/Screenshot_20220625_113055-copie-110x75.jpg 110w, https:\/\/mixforyou.fr\/wp-content\/uploads\/2022\/06\/Screenshot_20220625_113055-copie-768x524.jpg 768w\" sizes=\"auto, (max-width: 1015px) 100vw, 1015px\" \/><\/figure><\/div>\n\n\n\n<p><\/p>\n\n\n\n<figure class=\"wp-block-pullquote has-black-color has-text-color\" style=\"border-radius:0px\"><blockquote><p><strong>Traiteurs<\/strong><\/p><\/blockquote><\/figure>\n\n\n\n<div class=\"wp-block-media-text alignwide has-media-on-the-right is-stacked-on-mobile is-image-fill\" style=\"grid-template-columns:auto 45%\"><div class=\"wp-block-media-text__content\">\n<blockquote class=\"wp-block-quote has-medium-font-size is-layout-flow wp-block-quote-is-layout-flow\">\n<p><strong>Jonathan&nbsp;&#8211; Saveurs Bordelaises<\/strong><\/p>\n<\/blockquote>\n\n\n\n<p style=\"font-size:16px\">Saveurs Bordelaises est un nouveau concept qui allie chef \u00e0 domicile, traiteur et cours de cuisine pour le plus grand plaisir de vos papilles !<\/p>\n\n\n\n<p style=\"font-size:16px\">Site :&nbsp;<a href=\"https:\/\/www.traiteurs.fr\/entreprises\/saveurs-bordelaises\" target=\"_blank\" rel=\"noreferrer noopener\">www.saveurs-bordelaises.fr<\/a><\/p>\n<\/div><figure class=\"wp-block-media-text__media\" style=\"background-image:url(http:\/\/mixforyou.fr\/wp-content\/uploads\/2022\/06\/Jonathan-saveurs-bordelaises.webp);background-position:50% 50%\"><img loading=\"lazy\" decoding=\"async\" width=\"670\" height=\"456\" src=\"http:\/\/mixforyou.fr\/wp-content\/uploads\/2022\/06\/Jonathan-saveurs-bordelaises.webp\" alt=\"\" class=\"wp-image-197 size-full\" srcset=\"https:\/\/mixforyou.fr\/wp-content\/uploads\/2022\/06\/Jonathan-saveurs-bordelaises.webp 670w, https:\/\/mixforyou.fr\/wp-content\/uploads\/2022\/06\/Jonathan-saveurs-bordelaises-300x204.webp 300w, https:\/\/mixforyou.fr\/wp-content\/uploads\/2022\/06\/Jonathan-saveurs-bordelaises-110x75.webp 110w\" sizes=\"auto, (max-width: 670px) 100vw, 670px\" \/><\/figure><\/div>\n\n\n\n<hr class=\"wp-block-separator has-alpha-channel-opacity is-style-dots\"\/>\n\n\n\n<div class=\"wp-block-media-text is-stacked-on-mobile\" style=\"grid-template-columns:37% auto\"><figure class=\"wp-block-media-text__media\"><img loading=\"lazy\" decoding=\"async\" width=\"352\" height=\"352\" src=\"https:\/\/mixforyou.fr\/wp-content\/uploads\/2023\/12\/193705138_106509088313607_928769268792255047_n.png\" alt=\"\" class=\"wp-image-883 size-full\" srcset=\"https:\/\/mixforyou.fr\/wp-content\/uploads\/2023\/12\/193705138_106509088313607_928769268792255047_n.png 352w, https:\/\/mixforyou.fr\/wp-content\/uploads\/2023\/12\/193705138_106509088313607_928769268792255047_n-300x300.png 300w, https:\/\/mixforyou.fr\/wp-content\/uploads\/2023\/12\/193705138_106509088313607_928769268792255047_n-110x110.png 110w, https:\/\/mixforyou.fr\/wp-content\/uploads\/2023\/12\/193705138_106509088313607_928769268792255047_n-75x75.png 75w\" sizes=\"auto, (max-width: 352px) 100vw, 352px\" \/><\/figure><div class=\"wp-block-media-text__content\">\n<p><strong>Rotisserie des Abauts<\/strong><\/p>\n\n\n\n<p style=\"font-size:16px\">Un \u00e9v\u00e9nement champ\u00eatre, une r\u00e9ception, choisissez la simplicit\u00e9, la convivialit\u00e9 avec une qualit\u00e9 et une saveur exceptionnelle.<\/p>\n<\/div><\/div>\n\n\n\n<figure class=\"wp-block-pullquote\"><blockquote><p><strong>Performers<\/strong><\/p><\/blockquote><\/figure>\n\n\n\n<div class=\"wp-block-media-text alignwide is-stacked-on-mobile\" style=\"grid-template-columns:45% auto\"><figure class=\"wp-block-media-text__media\"><img loading=\"lazy\" decoding=\"async\" width=\"668\" height=\"322\" src=\"http:\/\/mixforyou.fr\/wp-content\/uploads\/2022\/06\/Theotim.webp\" alt=\"\" class=\"wp-image-198 size-full\" srcset=\"https:\/\/mixforyou.fr\/wp-content\/uploads\/2022\/06\/Theotim.webp 668w, https:\/\/mixforyou.fr\/wp-content\/uploads\/2022\/06\/Theotim-300x145.webp 300w, https:\/\/mixforyou.fr\/wp-content\/uploads\/2022\/06\/Theotim-110x53.webp 110w\" sizes=\"auto, (max-width: 668px) 100vw, 668px\" \/><\/figure><div class=\"wp-block-media-text__content\">\n<blockquote class=\"wp-block-quote has-medium-font-size is-layout-flow wp-block-quote-is-layout-flow\">\n<p><strong>Th\u00e9otim<\/strong> &#8211; <strong>Illusionniste<\/strong><\/p>\n<\/blockquote>\n\n\n\n<p style=\"font-size:16px\">Illusionniste&nbsp;professionnel&nbsp;couramment appel\u00e9 magicien, vous donnera le&nbsp;tournis \u00e0 en perdre la t\u00eate, il passera&nbsp;permis vous durant vos cocktails&nbsp;et&nbsp;\u00e0 juste 30cm,&nbsp;il vous impressionnera et vous laissera sans voix, \u00e0 voir&nbsp;absolument.&nbsp;<\/p>\n\n\n\n<p style=\"font-size:16px\"><a href=\"http:\/\/theotim-martins.fr\/#\" target=\"_blank\" rel=\"noreferrer noopener\">Site : Th\u00e9otim illusionniste<\/a><\/p>\n<\/div><\/div>\n","protected":false},"excerpt":{"rendered":"<p>Photographes Traiteurs Rotisserie des Abauts Un \u00e9v\u00e9nement champ\u00eatre, une r\u00e9ception, choisissez la simplicit\u00e9, la convivialit\u00e9 avec une qualit\u00e9 et une saveur exceptionnelle. Performers<\/p>\n","protected":false},"author":1,"featured_media":0,"parent":0,"menu_order":0,"comment_status":"closed","ping_status":"closed","template":"","meta":{"om_disable_all_campaigns":false,"_monsterinsights_skip_tracking":false,"_monsterinsights_sitenote_active":false,"_monsterinsights_sitenote_note":"","_monsterinsights_sitenote_category":0,"footnotes":""},"class_list":["post-85","page","type-page","status-publish","hentry"],"aioseo_notices":[],"_links":{"self":[{"href":"https:\/\/mixforyou.fr\/index.php?rest_route=\/wp\/v2\/pages\/85","targetHints":{"allow":["GET"]}}],"collection":[{"href":"https:\/\/mixforyou.fr\/index.php?rest_route=\/wp\/v2\/pages"}],"about":[{"href":"https:\/\/mixforyou.fr\/index.php?rest_route=\/wp\/v2\/types\/page"}],"author":[{"embeddable":true,"href":"https:\/\/mixforyou.fr\/index.php?rest_route=\/wp\/v2\/users\/1"}],"replies":[{"embeddable":true,"href":"https:\/\/mixforyou.fr\/index.php?rest_route=%2Fwp%2Fv2%2Fcomments&post=85"}],"version-history":[{"count":13,"href":"https:\/\/mixforyou.fr\/index.php?rest_route=\/wp\/v2\/pages\/85\/revisions"}],"predecessor-version":[{"id":885,"href":"https:\/\/mixforyou.fr\/index.php?rest_route=\/wp\/v2\/pages\/85\/revisions\/885"}],"wp:attachment":[{"href":"https:\/\/mixforyou.fr\/index.php?rest_route=%2Fwp%2Fv2%2Fmedia&parent=85"}],"curies":[{"name":"wp","href":"https:\/\/api.w.org\/{rel}","templated":true}]}}