{"id":110,"date":"2022-06-24T00:48:27","date_gmt":"2022-06-23T22:48:27","guid":{"rendered":"http:\/\/mixforyou.fr\/?page_id=110"},"modified":"2023-12-12T02:03:37","modified_gmt":"2023-12-12T01:03:37","slug":"le-petit-plus","status":"publish","type":"page","link":"https:\/\/mixforyou.fr\/?page_id=110","title":{"rendered":"Le petit plus &#8230;"},"content":{"rendered":"\n<hr class=\"wp-block-separator has-alpha-channel-opacity is-style-dots\"\/>\n\n\n\n<h6 class=\"wp-block-heading has-text-align-center has-large-font-size\"><strong>Son et lumi\u00e8re<\/strong><\/h6>\n\n\n\n<div class=\"wp-block-columns alignwide is-layout-flex wp-container-core-columns-is-layout-9d6595d7 wp-block-columns-is-layout-flex\">\n<div class=\"wp-block-column is-layout-flow wp-block-column-is-layout-flow\" style=\"flex-basis:50%\">\n<figure class=\"wp-block-gallery has-nested-images columns-2 is-cropped wp-block-gallery-1 is-layout-flex wp-block-gallery-is-layout-flex\">\n<figure class=\"wp-block-image size-full\"><img loading=\"lazy\" decoding=\"async\" width=\"959\" height=\"524\" data-id=\"602\" src=\"http:\/\/mixforyou.fr\/wp-content\/uploads\/2022\/07\/IMG_20220627_182619-1.jpg\" alt=\"\" class=\"wp-image-602\" srcset=\"https:\/\/mixforyou.fr\/wp-content\/uploads\/2022\/07\/IMG_20220627_182619-1.jpg 959w, https:\/\/mixforyou.fr\/wp-content\/uploads\/2022\/07\/IMG_20220627_182619-1-300x164.jpg 300w, https:\/\/mixforyou.fr\/wp-content\/uploads\/2022\/07\/IMG_20220627_182619-1-110x60.jpg 110w, https:\/\/mixforyou.fr\/wp-content\/uploads\/2022\/07\/IMG_20220627_182619-1-768x420.jpg 768w\" sizes=\"auto, (max-width: 959px) 100vw, 959px\" \/><\/figure>\n\n\n\n<figure class=\"wp-block-image size-full\"><img loading=\"lazy\" decoding=\"async\" width=\"560\" height=\"395\" data-id=\"601\" src=\"http:\/\/mixforyou.fr\/wp-content\/uploads\/2022\/07\/Mise-en-lumiere-exterieur.webp\" alt=\"\" class=\"wp-image-601\" srcset=\"https:\/\/mixforyou.fr\/wp-content\/uploads\/2022\/07\/Mise-en-lumiere-exterieur.webp 560w, https:\/\/mixforyou.fr\/wp-content\/uploads\/2022\/07\/Mise-en-lumiere-exterieur-300x212.webp 300w, https:\/\/mixforyou.fr\/wp-content\/uploads\/2022\/07\/Mise-en-lumiere-exterieur-110x78.webp 110w\" sizes=\"auto, (max-width: 560px) 100vw, 560px\" \/><\/figure>\n\n\n\n<figure class=\"wp-block-image size-full\"><img loading=\"lazy\" decoding=\"async\" width=\"660\" height=\"438\" data-id=\"603\" src=\"http:\/\/mixforyou.fr\/wp-content\/uploads\/2022\/07\/Mise-en-lumiere-salle.webp\" alt=\"\" class=\"wp-image-603\" srcset=\"https:\/\/mixforyou.fr\/wp-content\/uploads\/2022\/07\/Mise-en-lumiere-salle.webp 660w, https:\/\/mixforyou.fr\/wp-content\/uploads\/2022\/07\/Mise-en-lumiere-salle-300x199.webp 300w, https:\/\/mixforyou.fr\/wp-content\/uploads\/2022\/07\/Mise-en-lumiere-salle-110x73.webp 110w\" sizes=\"auto, (max-width: 660px) 100vw, 660px\" \/><\/figure>\n<\/figure>\n<\/div>\n\n\n\n<div class=\"wp-block-column is-vertically-aligned-center is-layout-flow wp-block-column-is-layout-flow\" style=\"flex-basis:50%\">\n<blockquote class=\"wp-block-quote has-medium-font-size is-layout-flow wp-block-quote-is-layout-flow\">\n<p>Mise en lumi\u00e8re de salle <\/p>\n\n\n\n<p>Large palette de couleurs disponibles, pour mettre en valeur vos lieux de r\u00e9ception <\/p>\n<\/blockquote>\n<\/div>\n<\/div>\n\n\n\n<p><\/p>\n\n\n\n<hr class=\"wp-block-separator has-alpha-channel-opacity is-style-wide\"\/>\n\n\n\n<div class=\"wp-block-media-text alignwide has-media-on-the-right is-stacked-on-mobile\" style=\"grid-template-columns:auto 48%\"><div class=\"wp-block-media-text__content\">\n<blockquote class=\"wp-block-quote has-medium-font-size is-layout-flow wp-block-quote-is-layout-flow\">\n<p>Vid\u00e9o projecteur et son support, \u00e9cran de 2 m d&#8217;embase, connectiques<\/p>\n<\/blockquote>\n<\/div><figure class=\"wp-block-media-text__media\"><img loading=\"lazy\" decoding=\"async\" width=\"568\" height=\"376\" src=\"http:\/\/mixforyou.fr\/wp-content\/uploads\/2022\/07\/video-proj-ecran.webp\" alt=\"\" class=\"wp-image-604 size-full\" srcset=\"https:\/\/mixforyou.fr\/wp-content\/uploads\/2022\/07\/video-proj-ecran.webp 568w, https:\/\/mixforyou.fr\/wp-content\/uploads\/2022\/07\/video-proj-ecran-300x199.webp 300w, https:\/\/mixforyou.fr\/wp-content\/uploads\/2022\/07\/video-proj-ecran-110x73.webp 110w\" sizes=\"auto, (max-width: 568px) 100vw, 568px\" \/><\/figure><\/div>\n\n\n\n<p><\/p>\n\n\n\n<hr class=\"wp-block-separator has-alpha-channel-opacity is-style-wide\"\/>\n\n\n\n<div class=\"wp-block-media-text alignwide is-stacked-on-mobile\"><figure class=\"wp-block-media-text__media\"><img loading=\"lazy\" decoding=\"async\" width=\"400\" height=\"400\" src=\"https:\/\/mixforyou.fr\/wp-content\/uploads\/2023\/04\/set104831.jpg\" alt=\"\" class=\"wp-image-806 size-full\" srcset=\"https:\/\/mixforyou.fr\/wp-content\/uploads\/2023\/04\/set104831.jpg 400w, https:\/\/mixforyou.fr\/wp-content\/uploads\/2023\/04\/set104831-300x300.jpg 300w, https:\/\/mixforyou.fr\/wp-content\/uploads\/2023\/04\/set104831-110x110.jpg 110w, https:\/\/mixforyou.fr\/wp-content\/uploads\/2023\/04\/set104831-75x75.jpg 75w\" sizes=\"auto, (max-width: 400px) 100vw, 400px\" \/><\/figure><div class=\"wp-block-media-text__content\">\n<blockquote class=\"wp-block-quote has-medium-font-size is-layout-flow wp-block-quote-is-layout-flow\">\n<p>Sonorisation additionnelle ou pour \u00e9v\u00e8nement modeste, compos\u00e9e de 2 enceintes et sub RCF de 1100 Watts, supports, connectiques DMX et alimentations<\/p>\n<\/blockquote>\n<\/div><\/div>\n\n\n\n<p><\/p>\n\n\n\n<p><\/p>\n\n\n\n<p><\/p>\n\n\n\n<hr class=\"wp-block-separator has-alpha-channel-opacity is-style-wide\"\/>\n\n\n\n<p><\/p>\n\n\n\n<h6 class=\"wp-block-heading has-text-align-center has-large-font-size\"><strong>Effets waouh !<\/strong><\/h6>\n\n\n\n<p><\/p>\n\n\n\n<div class=\"wp-block-media-text alignwide is-stacked-on-mobile\" style=\"grid-template-columns:58% auto\"><figure class=\"wp-block-media-text__media\"><img loading=\"lazy\" decoding=\"async\" width=\"720\" height=\"405\" src=\"https:\/\/mixforyou.fr\/wp-content\/uploads\/2023\/04\/Fontaine-detincelles-1.gif\" alt=\"\" class=\"wp-image-805 size-full\"\/><\/figure><div class=\"wp-block-media-text__content\">\n<p>Fontaines d&rsquo;\u00e9tincelles froides utilisables en int\u00e9rieur comme en ext\u00e9rieur, du plus bel effet <\/p>\n<\/div><\/div>\n\n\n\n<p><\/p>\n\n\n\n<p><\/p>\n\n\n\n<div class=\"wp-block-group alignwide\"><div class=\"wp-block-group__inner-container is-layout-constrained wp-block-group-is-layout-constrained\">\n<div class=\"wp-block-media-text alignwide has-media-on-the-right is-stacked-on-mobile is-image-fill\"><div class=\"wp-block-media-text__content\">\n<p>Comme sur un nuage&#8230; une fum\u00e9e lourde qui reste au sol.<\/p>\n<\/div><figure class=\"wp-block-media-text__media\" style=\"background-image:url(https:\/\/mixforyou.fr\/wp-content\/uploads\/2023\/04\/StephAaron_-705-d63eaaaf-1024x683.jpeg);background-position:50% 50%\"><img loading=\"lazy\" decoding=\"async\" width=\"1024\" height=\"683\" src=\"https:\/\/mixforyou.fr\/wp-content\/uploads\/2023\/04\/StephAaron_-705-d63eaaaf-1024x683.jpeg\" alt=\"\" class=\"wp-image-804 size-full\" srcset=\"https:\/\/mixforyou.fr\/wp-content\/uploads\/2023\/04\/StephAaron_-705-d63eaaaf-1024x683.jpeg 1024w, https:\/\/mixforyou.fr\/wp-content\/uploads\/2023\/04\/StephAaron_-705-d63eaaaf-300x200.jpeg 300w, https:\/\/mixforyou.fr\/wp-content\/uploads\/2023\/04\/StephAaron_-705-d63eaaaf-110x73.jpeg 110w, https:\/\/mixforyou.fr\/wp-content\/uploads\/2023\/04\/StephAaron_-705-d63eaaaf-768x512.jpeg 768w, https:\/\/mixforyou.fr\/wp-content\/uploads\/2023\/04\/StephAaron_-705-d63eaaaf-1536x1024.jpeg 1536w, https:\/\/mixforyou.fr\/wp-content\/uploads\/2023\/04\/StephAaron_-705-d63eaaaf-2048x1366.jpeg 2048w, https:\/\/mixforyou.fr\/wp-content\/uploads\/2023\/04\/StephAaron_-705-d63eaaaf-1140x760.jpeg 1140w\" sizes=\"auto, (max-width: 1024px) 100vw, 1024px\" \/><\/figure><\/div>\n\n\n\n<p><\/p>\n<\/div><\/div>\n\n\n\n<hr class=\"wp-block-separator has-alpha-channel-opacity is-style-wide\"\/>\n\n\n\n<p><\/p>\n\n\n\n<h6 class=\"wp-block-heading has-text-align-center has-large-font-size\"><strong>Structures et jeux gonflables<\/strong><\/h6>\n\n\n\n<blockquote class=\"wp-block-quote has-medium-font-size is-layout-flow wp-block-quote-is-layout-flow\">\n<p>Plus de 50 mod\u00e8les au choix&#8230;<\/p>\n\n\n\n<p>Location \u00e0 la journ\u00e9e ou au week-end<\/p>\n<cite>Catalogue disponible sur demande<\/cite><\/blockquote>\n\n\n\n<figure class=\"wp-block-gallery has-nested-images columns-5 is-cropped wp-block-gallery-2 is-layout-flex wp-block-gallery-is-layout-flex\">\n<figure class=\"wp-block-image size-full\"><img loading=\"lazy\" decoding=\"async\" width=\"960\" height=\"606\" data-id=\"589\" src=\"http:\/\/mixforyou.fr\/wp-content\/uploads\/2022\/07\/double-glisse-dim-20-x-4-m-960x600-1.jpg\" alt=\"\" class=\"wp-image-589\" srcset=\"https:\/\/mixforyou.fr\/wp-content\/uploads\/2022\/07\/double-glisse-dim-20-x-4-m-960x600-1.jpg 960w, https:\/\/mixforyou.fr\/wp-content\/uploads\/2022\/07\/double-glisse-dim-20-x-4-m-960x600-1-300x189.jpg 300w, https:\/\/mixforyou.fr\/wp-content\/uploads\/2022\/07\/double-glisse-dim-20-x-4-m-960x600-1-110x69.jpg 110w, https:\/\/mixforyou.fr\/wp-content\/uploads\/2022\/07\/double-glisse-dim-20-x-4-m-960x600-1-768x485.jpg 768w\" sizes=\"auto, (max-width: 960px) 100vw, 960px\" \/><\/figure>\n\n\n\n<figure class=\"wp-block-image size-full\"><img loading=\"lazy\" decoding=\"async\" width=\"450\" height=\"600\" data-id=\"590\" src=\"http:\/\/mixforyou.fr\/wp-content\/uploads\/2022\/07\/joutes-dim-4-x-4-x-h4-m-960x600-1.jpg\" alt=\"\" class=\"wp-image-590\" srcset=\"https:\/\/mixforyou.fr\/wp-content\/uploads\/2022\/07\/joutes-dim-4-x-4-x-h4-m-960x600-1.jpg 450w, https:\/\/mixforyou.fr\/wp-content\/uploads\/2022\/07\/joutes-dim-4-x-4-x-h4-m-960x600-1-225x300.jpg 225w, https:\/\/mixforyou.fr\/wp-content\/uploads\/2022\/07\/joutes-dim-4-x-4-x-h4-m-960x600-1-83x110.jpg 83w\" sizes=\"auto, (max-width: 450px) 100vw, 450px\" \/><\/figure>\n\n\n\n<figure class=\"wp-block-image size-full\"><img loading=\"lazy\" decoding=\"async\" width=\"2560\" height=\"1440\" data-id=\"591\" src=\"http:\/\/mixforyou.fr\/wp-content\/uploads\/2022\/07\/Rodeo-5m-diametre-1-e1464256627966-scaled.jpg\" alt=\"\" class=\"wp-image-591\" srcset=\"https:\/\/mixforyou.fr\/wp-content\/uploads\/2022\/07\/Rodeo-5m-diametre-1-e1464256627966-scaled.jpg 2560w, https:\/\/mixforyou.fr\/wp-content\/uploads\/2022\/07\/Rodeo-5m-diametre-1-e1464256627966-300x169.jpg 300w, https:\/\/mixforyou.fr\/wp-content\/uploads\/2022\/07\/Rodeo-5m-diametre-1-e1464256627966-1024x576.jpg 1024w, https:\/\/mixforyou.fr\/wp-content\/uploads\/2022\/07\/Rodeo-5m-diametre-1-e1464256627966-110x62.jpg 110w, https:\/\/mixforyou.fr\/wp-content\/uploads\/2022\/07\/Rodeo-5m-diametre-1-e1464256627966-768x432.jpg 768w, https:\/\/mixforyou.fr\/wp-content\/uploads\/2022\/07\/Rodeo-5m-diametre-1-e1464256627966-1536x864.jpg 1536w, https:\/\/mixforyou.fr\/wp-content\/uploads\/2022\/07\/Rodeo-5m-diametre-1-e1464256627966-2048x1152.jpg 2048w, https:\/\/mixforyou.fr\/wp-content\/uploads\/2022\/07\/Rodeo-5m-diametre-1-e1464256627966-1140x641.jpg 1140w\" sizes=\"auto, (max-width: 2560px) 100vw, 2560px\" \/><\/figure>\n\n\n\n<figure class=\"wp-block-image size-full\"><img loading=\"lazy\" decoding=\"async\" width=\"960\" height=\"724\" data-id=\"587\" src=\"http:\/\/mixforyou.fr\/wp-content\/uploads\/2022\/07\/Ile-aux-Tresors-dim-4-x-4-x-h4-m-960x600-1.jpg\" alt=\"\" class=\"wp-image-587\" srcset=\"https:\/\/mixforyou.fr\/wp-content\/uploads\/2022\/07\/Ile-aux-Tresors-dim-4-x-4-x-h4-m-960x600-1.jpg 960w, https:\/\/mixforyou.fr\/wp-content\/uploads\/2022\/07\/Ile-aux-Tresors-dim-4-x-4-x-h4-m-960x600-1-300x226.jpg 300w, https:\/\/mixforyou.fr\/wp-content\/uploads\/2022\/07\/Ile-aux-Tresors-dim-4-x-4-x-h4-m-960x600-1-110x83.jpg 110w, https:\/\/mixforyou.fr\/wp-content\/uploads\/2022\/07\/Ile-aux-Tresors-dim-4-x-4-x-h4-m-960x600-1-768x579.jpg 768w\" sizes=\"auto, (max-width: 960px) 100vw, 960px\" \/><\/figure>\n\n\n\n<figure class=\"wp-block-image size-full\"><img loading=\"lazy\" decoding=\"async\" width=\"800\" height=\"600\" data-id=\"588\" src=\"http:\/\/mixforyou.fr\/wp-content\/uploads\/2022\/07\/baby-foot-humain-dim12-x-4-x-h250m-.jpg\" alt=\"\" class=\"wp-image-588\" srcset=\"https:\/\/mixforyou.fr\/wp-content\/uploads\/2022\/07\/baby-foot-humain-dim12-x-4-x-h250m-.jpg 800w, https:\/\/mixforyou.fr\/wp-content\/uploads\/2022\/07\/baby-foot-humain-dim12-x-4-x-h250m--300x225.jpg 300w, https:\/\/mixforyou.fr\/wp-content\/uploads\/2022\/07\/baby-foot-humain-dim12-x-4-x-h250m--110x83.jpg 110w, https:\/\/mixforyou.fr\/wp-content\/uploads\/2022\/07\/baby-foot-humain-dim12-x-4-x-h250m--768x576.jpg 768w\" sizes=\"auto, (max-width: 800px) 100vw, 800px\" \/><\/figure>\n\n\n\n<figure class=\"wp-block-image size-full\"><img loading=\"lazy\" decoding=\"async\" width=\"1024\" height=\"768\" data-id=\"595\" src=\"http:\/\/mixforyou.fr\/wp-content\/uploads\/2022\/07\/balayette-infernale.jpg\" alt=\"\" class=\"wp-image-595\" srcset=\"https:\/\/mixforyou.fr\/wp-content\/uploads\/2022\/07\/balayette-infernale.jpg 1024w, https:\/\/mixforyou.fr\/wp-content\/uploads\/2022\/07\/balayette-infernale-300x225.jpg 300w, https:\/\/mixforyou.fr\/wp-content\/uploads\/2022\/07\/balayette-infernale-110x83.jpg 110w, https:\/\/mixforyou.fr\/wp-content\/uploads\/2022\/07\/balayette-infernale-768x576.jpg 768w\" sizes=\"auto, (max-width: 1024px) 100vw, 1024px\" \/><\/figure>\n\n\n\n<figure class=\"wp-block-image size-full\"><img loading=\"lazy\" decoding=\"async\" width=\"452\" height=\"588\" data-id=\"596\" src=\"http:\/\/mixforyou.fr\/wp-content\/uploads\/2022\/07\/cible-foot-gonflable.jpg\" alt=\"\" class=\"wp-image-596\" srcset=\"https:\/\/mixforyou.fr\/wp-content\/uploads\/2022\/07\/cible-foot-gonflable.jpg 452w, https:\/\/mixforyou.fr\/wp-content\/uploads\/2022\/07\/cible-foot-gonflable-231x300.jpg 231w, https:\/\/mixforyou.fr\/wp-content\/uploads\/2022\/07\/cible-foot-gonflable-85x110.jpg 85w\" sizes=\"auto, (max-width: 452px) 100vw, 452px\" \/><\/figure>\n\n\n\n<figure class=\"wp-block-image size-full\"><img loading=\"lazy\" decoding=\"async\" width=\"589\" height=\"600\" data-id=\"597\" src=\"http:\/\/mixforyou.fr\/wp-content\/uploads\/2022\/07\/sumos-2-dim-tapis-3-x-3-m-960x600-1.jpg\" alt=\"\" class=\"wp-image-597\" srcset=\"https:\/\/mixforyou.fr\/wp-content\/uploads\/2022\/07\/sumos-2-dim-tapis-3-x-3-m-960x600-1.jpg 589w, https:\/\/mixforyou.fr\/wp-content\/uploads\/2022\/07\/sumos-2-dim-tapis-3-x-3-m-960x600-1-295x300.jpg 295w, https:\/\/mixforyou.fr\/wp-content\/uploads\/2022\/07\/sumos-2-dim-tapis-3-x-3-m-960x600-1-108x110.jpg 108w, https:\/\/mixforyou.fr\/wp-content\/uploads\/2022\/07\/sumos-2-dim-tapis-3-x-3-m-960x600-1-75x75.jpg 75w\" sizes=\"auto, (max-width: 589px) 100vw, 589px\" \/><\/figure>\n\n\n\n<figure class=\"wp-block-image size-full\"><img loading=\"lazy\" decoding=\"async\" width=\"2560\" height=\"1920\" data-id=\"600\" src=\"http:\/\/mixforyou.fr\/wp-content\/uploads\/2022\/07\/IMG_20190811_172846_resized_20220627_063154433-scaled.jpg\" alt=\"\" class=\"wp-image-600\" srcset=\"https:\/\/mixforyou.fr\/wp-content\/uploads\/2022\/07\/IMG_20190811_172846_resized_20220627_063154433-scaled.jpg 2560w, https:\/\/mixforyou.fr\/wp-content\/uploads\/2022\/07\/IMG_20190811_172846_resized_20220627_063154433-300x225.jpg 300w, https:\/\/mixforyou.fr\/wp-content\/uploads\/2022\/07\/IMG_20190811_172846_resized_20220627_063154433-1024x768.jpg 1024w, https:\/\/mixforyou.fr\/wp-content\/uploads\/2022\/07\/IMG_20190811_172846_resized_20220627_063154433-110x83.jpg 110w, https:\/\/mixforyou.fr\/wp-content\/uploads\/2022\/07\/IMG_20190811_172846_resized_20220627_063154433-768x576.jpg 768w, https:\/\/mixforyou.fr\/wp-content\/uploads\/2022\/07\/IMG_20190811_172846_resized_20220627_063154433-1536x1152.jpg 1536w, https:\/\/mixforyou.fr\/wp-content\/uploads\/2022\/07\/IMG_20190811_172846_resized_20220627_063154433-2048x1536.jpg 2048w, https:\/\/mixforyou.fr\/wp-content\/uploads\/2022\/07\/IMG_20190811_172846_resized_20220627_063154433-1140x855.jpg 1140w\" sizes=\"auto, (max-width: 2560px) 100vw, 2560px\" \/><\/figure>\n<\/figure>\n\n\n\n<p>  <\/p>\n\n\n\n<hr class=\"wp-block-separator has-alpha-channel-opacity is-style-wide\"\/>\n\n\n\n<blockquote class=\"wp-block-quote has-text-align-center is-layout-flow wp-block-quote-is-layout-flow\" style=\"font-size:25px\">\n<p><\/p>\n\n\n\n<p class=\"has-large-font-size\" style=\"font-style:normal;font-weight:700\">Jeux en bois<\/p>\n<\/blockquote>\n\n\n<div class=\"wp-block-image\">\n<figure class=\"aligncenter size-large is-resized\"><img loading=\"lazy\" decoding=\"async\" width=\"1024\" height=\"384\" src=\"http:\/\/mixforyou.fr\/wp-content\/uploads\/2022\/07\/Capture-decran-2022-07-09-a-11.52.00-1024x384.png\" alt=\"\" class=\"wp-image-610\" style=\"width:797px;height:298px\" srcset=\"https:\/\/mixforyou.fr\/wp-content\/uploads\/2022\/07\/Capture-decran-2022-07-09-a-11.52.00-1024x384.png 1024w, https:\/\/mixforyou.fr\/wp-content\/uploads\/2022\/07\/Capture-decran-2022-07-09-a-11.52.00-300x113.png 300w, https:\/\/mixforyou.fr\/wp-content\/uploads\/2022\/07\/Capture-decran-2022-07-09-a-11.52.00-110x41.png 110w, https:\/\/mixforyou.fr\/wp-content\/uploads\/2022\/07\/Capture-decran-2022-07-09-a-11.52.00-768x288.png 768w, https:\/\/mixforyou.fr\/wp-content\/uploads\/2022\/07\/Capture-decran-2022-07-09-a-11.52.00-1536x576.png 1536w, https:\/\/mixforyou.fr\/wp-content\/uploads\/2022\/07\/Capture-decran-2022-07-09-a-11.52.00-1140x428.png 1140w, https:\/\/mixforyou.fr\/wp-content\/uploads\/2022\/07\/Capture-decran-2022-07-09-a-11.52.00.png 1560w\" sizes=\"auto, (max-width: 1024px) 100vw, 1024px\" \/><\/figure>\n<\/div>","protected":false},"excerpt":{"rendered":"<p>Son et lumi\u00e8re Mise en lumi\u00e8re de salle Large palette de couleurs disponibles, pour mettre en valeur vos lieux de r\u00e9ception Effets waouh ! Fontaines d&rsquo;\u00e9tincelles froides utilisables en int\u00e9rieur comme en ext\u00e9rieur, du plus bel effet Comme sur un nuage&#8230; une fum\u00e9e lourde qui reste au sol. Structures et jeux gonflables Plus de 50 mod\u00e8les au choix&#8230; Location \u00e0 la journ\u00e9e ou au week-end Catalogue disponible sur demande Jeux en bois<\/p>\n","protected":false},"author":1,"featured_media":0,"parent":0,"menu_order":0,"comment_status":"closed","ping_status":"closed","template":"","meta":{"om_disable_all_campaigns":false,"_monsterinsights_skip_tracking":false,"_monsterinsights_sitenote_active":false,"_monsterinsights_sitenote_note":"","_monsterinsights_sitenote_category":0,"footnotes":""},"class_list":["post-110","page","type-page","status-publish","hentry"],"aioseo_notices":[],"_links":{"self":[{"href":"https:\/\/mixforyou.fr\/index.php?rest_route=\/wp\/v2\/pages\/110","targetHints":{"allow":["GET"]}}],"collection":[{"href":"https:\/\/mixforyou.fr\/index.php?rest_route=\/wp\/v2\/pages"}],"about":[{"href":"https:\/\/mixforyou.fr\/index.php?rest_route=\/wp\/v2\/types\/page"}],"author":[{"embeddable":true,"href":"https:\/\/mixforyou.fr\/index.php?rest_route=\/wp\/v2\/users\/1"}],"replies":[{"embeddable":true,"href":"https:\/\/mixforyou.fr\/index.php?rest_route=%2Fwp%2Fv2%2Fcomments&post=110"}],"version-history":[{"count":41,"href":"https:\/\/mixforyou.fr\/index.php?rest_route=\/wp\/v2\/pages\/110\/revisions"}],"predecessor-version":[{"id":967,"href":"https:\/\/mixforyou.fr\/index.php?rest_route=\/wp\/v2\/pages\/110\/revisions\/967"}],"wp:attachment":[{"href":"https:\/\/mixforyou.fr\/index.php?rest_route=%2Fwp%2Fv2%2Fmedia&parent=110"}],"curies":[{"name":"wp","href":"https:\/\/api.w.org\/{rel}","templated":true}]}}